{"id":89,"date":"2025-12-21T08:51:08","date_gmt":"2025-12-20T23:51:08","guid":{"rendered":"https:\/\/undil.edu.tl\/novo\/?page_id=89"},"modified":"2026-04-11T15:55:46","modified_gmt":"2026-04-11T06:55:46","slug":"faculdade-de-educacao","status":"publish","type":"page","link":"https:\/\/undil.edu.tl\/novo\/faculdade-de-educacao\/","title":{"rendered":"Faculdade de Educa\u00e7\u00e3o"},"content":{"rendered":"\n\n\n<h6><span style=\"background-color: rgba(147, 147, 147, 0); color: rgb(255, 255, 255); font-weight: normal;\">A Faculdade de Educa\u00e7\u00e3o da Universidade de D\u00edli dedica-se \u00e0 forma\u00e7\u00e3o de profissionais competentes, \u00e9ticos e comprometidos com o desenvolvimento nacional e internacional. Orientada pela excel\u00eancia acad\u00e9mica, inova\u00e7\u00e3o pedag\u00f3gica, cient\u00edfica e responsabilidade social, promove uma educa\u00e7\u00e3o transformadora que valoriza o conhecimento, a lideran\u00e7a e o servi\u00e7o \u00e0 comunidade.<\/span><\/h6>\n\n\n\n\n\n\nDepartamento de L\u00edngua Portuguesa e de Culturas da CPLP\n\n\n\n\nDepartamento de L\u00edngua Inglesa\n\n\n\n\nCurso de Mestrado em Educa\u00e7\u00e3o | Em atualiza\u00e7\u00e3o\n\n\n\n\nEst\u00e1gio Pedag\u00f3gico\n\n\n\n\nTrabalhos de Fim de Curso\n\n\n\n\n\n\n\n\n\n\n\n\n\n<h2>Not\u00edcias Recentes da Faculdade de Educa\u00e7\u00e3o<\/h2>\n<h2><em>Acompanhe as atividades, eventos e comunicados da nossa faculdade!<\/em><\/h2>\n\n\n\n\n\n\nA Dra Fernanda da Silva, docente do Departamento de L\u00edngua Portuguesa e de Culturas da CPLP da Faculdade de Educa\u00e7\u00e3o, observou mais uma aula ministrada..\n\n\nEstudantes do Departamento de L\u00edngua Portuguesa e de Culturas da CPLP da Faculdade de Educa\u00e7\u00e3o da UNDIL, acompanhados pela Dra. Eug\u00e9nia Viegas (UNDIL), participaram numa actividade muito importante organizada pelo..\n\n\nEcos da Sociedade \u00e9 uma iniciativa de um grupo de estudantes da Licenciatura de Ci\u00eancias Socias da Universidade Aberta, com apoio de um&nbsp; grupo de docentes, dentre eles o Pr\u00f3-Reitor da UNDIL, Manuel Azancot de Menezes..\n\n\n\n\n\n\n\n\n\n\n<h1>Estrutura Org\u00e2nica da Faculdade de Educa\u00e7\u00e3o&nbsp;<\/h1>\n\n\n<h1>2023-2027 | Atualizada em 2024<\/h1>\n\n\n\n\n\n\n\n\n\n\nDecano da Faculdade de Educa\u00e7\u00e3o\n\n\n\n\n\n\nVice-Decana da Faculdade de Educa\u00e7\u00e3o\n\n\n\n\n\n\n\n\n\n\n\n\nChefe de Departamento de L\u00edngua Portuguesa e de Culturas da CPLP\n\n\n\n\n\n\n<span style=\"color: rgb(68, 68, 68);\"><span style=\"\">Consultora e Assessora T\u00e9cnica de L\u00edngua Portuguesa<\/span>&nbsp;<\/span><span style=\"color:#000000;\"><span style=\"\"><\/span><\/span>\n\n\n\n\n\n\nChefe de Departamento de L\u00edngua Inglesa&nbsp;\n\n\n\n\n\n\n\n\n<h2>Secretaria e Servi\u00e7os Acad\u00e9micos<\/h2>\n\nDra. Maria Vitirina Colo\nSr. Jo\u00e3o da Costa\n\n\n\n\n\n<h2>Conselho de Direc\u00e7\u00e3o da Faculdade de Educa\u00e7\u00e3o<\/h2>\n\nProf. Doutor M. Azancot de Menezes (Presidente)\nMestre L\u00eddia Alves ( Vice-Presidente)\nMestre Atan\u00e1sio G. Freitas Belo (Vogal)\n\n\n\n\n\n<h2>Comiss\u00e3o Cient\u00edfica da Faculdade de Educa\u00e7\u00e3o<\/h2>\n\nProf. Doutor M. Azancot de Menezes (Presidente)\nMestre L\u00eddia Alves ( Vogal e Representante da Faculdade de Educa\u00e7\u00e3o no Conselho Pedag\u00f3gico da UNDIL)\nMestre F\u00e1tima da Concei\u00e7\u00e3o (Vogal)\nMestre Atan\u00e1sio G. Freitas Belo (Secret\u00e1rio)\n\n\n\n\n\n<h2>Comiss\u00e3o Pedag\u00f3gica da Faculdade de Educa\u00e7\u00e3o<\/h2>\n\nProf. Doutor M. Azancot de Menezes (Presidente)\nMestre Atan\u00e1sio G. Freitas Belo (Vogal)<br>\nMestre Eug\u00e9nia M. Viegas ( Vogal e Representante da Faculdade de Educa\u00e7\u00e3o no Conselho Pedag\u00f3gico da UNDIL)\nMestre Jo\u00e3o Guterres (Secret\u00e1rio)\n\n\n\n\n\n<h2>Representante da Faculdade de Educa\u00e7\u00e3o no Conselho de \u00c9tica e Deontologia (CED) da UNDIL<\/h2>\n\nProf. Doutor M. Azancot de Menezes\n\n\n\n\n\n<h2>Consultora e Assessora T\u00e9cnica para a Revis\u00e3o Especializada de Documentos em L\u00edngua Portuguesa&nbsp;<\/h2>\n\nMestranda Fernanda Formoso da Silva&nbsp;\n\n\n\n\n\n\n\n\n\n<h2>A Faculdade de Educa\u00e7\u00e3o da UNDIL Apoia a CPLP e a ASEAN!<\/h2>\n\n\n\n\n\n\n\n\n\n\n\n\n\n\n\n\n\n\n<u>Faculdade de Educa\u00e7\u00e3o<\/u>\n<u>Faculdade de Ci\u00eancias da Sa\u00fade<\/u>\n<u>Faculdade de Direito<\/u>\n<u>Faculdade de Ci\u00eancias Pol\u00edticas<\/u>\n<u>Faculdade de Economia&nbsp;<\/u>\n<u>Portal Acad\u00e9mico<\/u>\n\n\n\n\n\n<h2>Visite-nos<\/h2>\n<p class=\"paragraph\"><strong>Morada:<\/strong><br>Av. Presidente Xavier do Amaral<br>Mascarenhas, D\u00edli<br>Timor-Leste<\/p>\n<p class=\"paragraph\"><strong>Telefone:<\/strong><br><span hex=\"#FFFFFF\" class=\"textColor\" style=\"--text-color: #FFFFFF;\"><a rel=\"noopener noreferrer\" class=\"link\" href=\"tel:(+670) 77468775\" style=\"text-decoration-line: underline;\">(+670<\/a><a rel=\"noopener noreferrer\" class=\"link\" href=\"tel:(+670) 77468775\" style=\"\">) <u>77468775<\/u><\/a> \/ <a rel=\"noopener noreferrer\" class=\"link\" href=\"tel:77328543 \/ 75685440\" style=\"\"><u>77328543<\/u> \/ <u>75685440<\/u><\/a><\/span><\/p>\n<p class=\"paragraph\"><strong>Email:<\/strong><u><br><span hex=\"#FFFFFF\" class=\"textColor\" style=\"--text-color: #FFFFFF\"><a rel=\"noopener noreferrer\" class=\"link\" href=\"mailto:info@undil.edu.tl\">info@undil.edu.tl<\/a><\/span><\/u><\/p>\n<a href=\"http:\/\/www.undil.edu.tl\" class=\"pagelayer-link-sel\"><\/a><p class=\"paragraph\"><a href=\"http:\/\/www.undil.edu.tl\" class=\"pagelayer-link-sel\"><u><span hex=\"#FFFFFF\" class=\"textColor\" style=\"--text-color: #FFFFFF\"><\/span><\/u><\/a><u><a rel=\"noopener noreferrer\" class=\"link\" href=\"mailto:info@undil.edu.tl\"><\/a><\/u><\/p><p class=\"paragraph\"><u><\/u><\/p><p class=\"paragraph\"><strong>Website:<\/strong><u><br><span hex=\"#FFFFFF\" class=\"textColor\" style=\"--text-color: #FFFFFF\"><a rel=\"noopener noreferrer\" class=\"link\" href=\"http:\/\/www.undil.edu.tl\">www.undil.edu.tl<\/a><\/span><\/u><\/p>\n\n\n\n\n\n\n\n\n\n\n\n\n\n\n\n\n","protected":false},"excerpt":{"rendered":"","protected":false},"author":1,"featured_media":452,"parent":0,"menu_order":0,"comment_status":"closed","ping_status":"closed","template":"","meta":{"pagelayer_contact_templates":[],"_pagelayer_content":"","footnotes":""},"class_list":["post-89","page","type-page","status-publish","has-post-thumbnail","hentry"],"_links":{"self":[{"href":"https:\/\/undil.edu.tl\/novo\/wp-json\/wp\/v2\/pages\/89","targetHints":{"allow":["GET"]}}],"collection":[{"href":"https:\/\/undil.edu.tl\/novo\/wp-json\/wp\/v2\/pages"}],"about":[{"href":"https:\/\/undil.edu.tl\/novo\/wp-json\/wp\/v2\/types\/page"}],"author":[{"embeddable":true,"href":"https:\/\/undil.edu.tl\/novo\/wp-json\/wp\/v2\/users\/1"}],"replies":[{"embeddable":true,"href":"https:\/\/undil.edu.tl\/novo\/wp-json\/wp\/v2\/comments?post=89"}],"version-history":[{"count":128,"href":"https:\/\/undil.edu.tl\/novo\/wp-json\/wp\/v2\/pages\/89\/revisions"}],"predecessor-version":[{"id":2182,"href":"https:\/\/undil.edu.tl\/novo\/wp-json\/wp\/v2\/pages\/89\/revisions\/2182"}],"wp:featuredmedia":[{"embeddable":true,"href":"https:\/\/undil.edu.tl\/novo\/wp-json\/wp\/v2\/media\/452"}],"wp:attachment":[{"href":"https:\/\/undil.edu.tl\/novo\/wp-json\/wp\/v2\/media?parent=89"}],"curies":[{"name":"wp","href":"https:\/\/api.w.org\/{rel}","templated":true}]}}