{"id":767,"date":"2026-01-03T21:43:10","date_gmt":"2026-01-03T12:43:10","guid":{"rendered":"https:\/\/undil.edu.tl\/novo\/?page_id=767"},"modified":"2026-01-10T17:33:31","modified_gmt":"2026-01-10T08:33:31","slug":"visaun-no-misaun","status":"publish","type":"page","link":"https:\/\/undil.edu.tl\/novo\/tet\/visaun-no-misaun\/","title":{"rendered":"Visaun no Misaun"},"content":{"rendered":"<h2 data-start=\"2095\" data-end=\"2115\">Visaun &amp; Misaun<\/h2>\n<h3 data-start=\"2117\" data-end=\"2200\">Visaun, Misaun, Prins\u00edpiu Orientad\u00f3r, Estrat\u00e9jia no \u00c1rea Reitoria (2022\u20132026)<\/h3>\n<h3 data-start=\"2202\" data-end=\"2218\"><strong data-start=\"2206\" data-end=\"2216\">Visaun<\/strong><\/h3>\n<p data-start=\"2219\" data-end=\"2402\">Sai nu\u2019udar universidade refer\u00e9nsia iha nivel nasion\u00e1l no internasion\u00e1l, rekonhesidu ba kualidade ensinu no exel\u00e9nsia investigasaun, atu servisu ba sosiedade timorense no umanidade.<\/p>\n<h3 data-start=\"2404\" data-end=\"2420\"><strong data-start=\"2408\" data-end=\"2418\">Misaun<\/strong><\/h3>\n<ul data-start=\"2421\" data-end=\"3106\">\n<li data-start=\"2421\" data-end=\"2532\">\n<p data-start=\"2423\" data-end=\"2532\">Forma diplomadu sira ho kompet\u00e9nsia luan iha \u00e1rea si\u00e9nsia no teknolojia, si\u00e9nsia sosi\u00e1l, arte no umanidade;<\/p>\n<\/li>\n<li data-start=\"2533\" data-end=\"2687\">\n<p data-start=\"2535\" data-end=\"2687\">Assegura projetu kurikular integradu sira no dezenvolvimentu atividade sira ne\u2019eb\u00e9 promove integrasaun estudante sira ba merkadu servisu no sosiedade;<\/p>\n<\/li>\n<li data-start=\"2688\" data-end=\"2905\">\n<p data-start=\"2690\" data-end=\"2905\">Transmite valor no prins\u00edpiu fundament\u00e1l sira liuhosi an\u00e1lize kr\u00edtika no difuzaun kultura, atu kontribui ba dezenvolvimentu sosi\u00e1l no ekon\u00f3miku Timor-Leste, ho valorizasaun justisa sosi\u00e1l no sidadania demokr\u00e1tika;<\/p>\n<\/li>\n<li data-start=\"2906\" data-end=\"3106\">\n<p data-start=\"2908\" data-end=\"3106\">Promove mobilidade estudante sira, diplomadu sira no dosen sira iha kontektu nasion\u00e1l no internasion\u00e1l, espesialmente iha espasu Komunidade Pa\u00eds sira L\u00edngua Portuguesa (CPLP), ASEAN no Rema Leste.<\/p>\n<\/li>\n<\/ul>\n<hr data-start=\"3108\" data-end=\"3111\" \/>\n<h3 data-start=\"3113\" data-end=\"3148\"><strong data-start=\"3117\" data-end=\"3146\">Prins\u00edpiu Orientad\u00f3r sira<\/strong><\/h3>\n<ul data-start=\"3149\" data-end=\"3249\">\n<li data-start=\"3149\" data-end=\"3169\">\n<p data-start=\"3151\" data-end=\"3169\">Sustentabilidade<\/p>\n<\/li>\n<li data-start=\"3170\" data-end=\"3194\">\n<p data-start=\"3172\" data-end=\"3194\">Internasionalizasaun<\/p>\n<\/li>\n<li data-start=\"3195\" data-end=\"3208\">\n<p data-start=\"3197\" data-end=\"3208\">Lideransa<\/p>\n<\/li>\n<li data-start=\"3209\" data-end=\"3235\">\n<p data-start=\"3211\" data-end=\"3235\">Inovasaun no Kualidade<\/p>\n<\/li>\n<li data-start=\"3236\" data-end=\"3249\">\n<p data-start=\"3238\" data-end=\"3249\">Inkluzaun<\/p>\n<\/li>\n<\/ul>\n<hr data-start=\"3251\" data-end=\"3254\" \/>\n<h3 data-start=\"3256\" data-end=\"3297\"><strong data-start=\"3260\" data-end=\"3295\">Eixu Estrat\u00e9jiku Prinsip\u00e1l sira<\/strong><\/h3>\n<ul data-start=\"3298\" data-end=\"3536\">\n<li data-start=\"3298\" data-end=\"3332\">\n<p data-start=\"3300\" data-end=\"3332\">Investigasaun no P\u00f3s-Gradua\u00e7\u00e3o<\/p>\n<\/li>\n<li data-start=\"3333\" data-end=\"3417\">\n<p data-start=\"3335\" data-end=\"3417\">Ema sira (Dosen sira, Investigad\u00f3r sira, Funcion\u00e1riu la-dosen no Estudante sira)<\/p>\n<\/li>\n<li data-start=\"3418\" data-end=\"3450\">\n<p data-start=\"3420\" data-end=\"3450\">Ensinu Gradua\u00e7\u00e3o no Kur\u00edkulu<\/p>\n<\/li>\n<li data-start=\"3451\" data-end=\"3464\">\n<p data-start=\"3453\" data-end=\"3464\">Estensaun<\/p>\n<\/li>\n<li data-start=\"3465\" data-end=\"3494\">\n<p data-start=\"3467\" data-end=\"3494\">Administrasaun no Jestaun<\/p>\n<\/li>\n<li data-start=\"3495\" data-end=\"3512\">\n<p data-start=\"3497\" data-end=\"3512\">Infraestrutur<\/p>\n<\/li>\n<li data-start=\"3513\" data-end=\"3536\">\n<p data-start=\"3515\" data-end=\"3536\">Kultura no Desportu<\/p>\n<\/li>\n<\/ul>\n<hr data-start=\"3538\" data-end=\"3541\" \/>\n<h3 data-start=\"3543\" data-end=\"3580\"><strong data-start=\"3547\" data-end=\"3578\">\u00c1rea sira ba Ekipa Reitoria<\/strong><\/h3>\n<ul data-start=\"3581\" data-end=\"3910\">\n<li data-start=\"3581\" data-end=\"3656\">\n<p data-start=\"3583\" data-end=\"3656\">Vice-Reitor \u2013 \u00c1rea Administrasaun Rekursu Um\u00e1nu, Materi\u00e1l no Finanseiru<\/p>\n<\/li>\n<li data-start=\"3657\" data-end=\"3715\">\n<p data-start=\"3659\" data-end=\"3715\">Vice-Reitor \u2013 \u00c1rea Estudante, Assuntu Sosi\u00e1l no Alumni<\/p>\n<\/li>\n<li data-start=\"3716\" data-end=\"3779\">\n<p data-start=\"3718\" data-end=\"3779\">Vice-Reitor \u2013 \u00c1rea Pedag\u00f3jika no Kurikular Ensinu Gradua\u00e7\u00e3o<\/p>\n<\/li>\n<li data-start=\"3780\" data-end=\"3853\">\n<p data-start=\"3782\" data-end=\"3853\">Pr\u00f3-Reitor \u2013 \u00c1rea Investigasaun, P\u00f3s-Gradua\u00e7\u00e3o no Kooperasaun ho CPLP<\/p>\n<\/li>\n<li data-start=\"3854\" data-end=\"3910\">\n<p data-start=\"3856\" data-end=\"3910\">Pr\u00f3-Reitor \u2013 \u00c1rea Kooperasaun ho ASEAN no Rema Leste<\/p>\n<\/li>\n<\/ul>\n","protected":false},"excerpt":{"rendered":"<p>Visaun &amp; Misaun Visaun, Misaun, Prins\u00edpiu Orientad\u00f3r, Estrat\u00e9jia no \u00c1rea Reitoria (2022\u20132026) Visaun Sai nu\u2019udar [&hellip;]<\/p>\n","protected":false},"author":9,"featured_media":1846,"parent":0,"menu_order":0,"comment_status":"closed","ping_status":"closed","template":"","meta":{"pagelayer_contact_templates":[],"_pagelayer_content":"","footnotes":""},"class_list":["post-767","page","type-page","status-publish","has-post-thumbnail","hentry"],"_links":{"self":[{"href":"https:\/\/undil.edu.tl\/novo\/wp-json\/wp\/v2\/pages\/767","targetHints":{"allow":["GET"]}}],"collection":[{"href":"https:\/\/undil.edu.tl\/novo\/wp-json\/wp\/v2\/pages"}],"about":[{"href":"https:\/\/undil.edu.tl\/novo\/wp-json\/wp\/v2\/types\/page"}],"author":[{"embeddable":true,"href":"https:\/\/undil.edu.tl\/novo\/wp-json\/wp\/v2\/users\/9"}],"replies":[{"embeddable":true,"href":"https:\/\/undil.edu.tl\/novo\/wp-json\/wp\/v2\/comments?post=767"}],"version-history":[{"count":2,"href":"https:\/\/undil.edu.tl\/novo\/wp-json\/wp\/v2\/pages\/767\/revisions"}],"predecessor-version":[{"id":986,"href":"https:\/\/undil.edu.tl\/novo\/wp-json\/wp\/v2\/pages\/767\/revisions\/986"}],"wp:featuredmedia":[{"embeddable":true,"href":"https:\/\/undil.edu.tl\/novo\/wp-json\/wp\/v2\/media\/1846"}],"wp:attachment":[{"href":"https:\/\/undil.edu.tl\/novo\/wp-json\/wp\/v2\/media?parent=767"}],"curies":[{"name":"wp","href":"https:\/\/api.w.org\/{rel}","templated":true}]}}