{"id":759,"date":"2026-01-03T21:43:10","date_gmt":"2026-01-03T12:43:10","guid":{"rendered":"https:\/\/undil.edu.tl\/novo\/?page_id=759"},"modified":"2026-02-16T16:48:46","modified_gmt":"2026-02-16T07:48:46","slug":"visao-missao","status":"publish","type":"page","link":"https:\/\/undil.edu.tl\/novo\/visao-missao\/","title":{"rendered":"Vis\u00e3o &#038; Miss\u00e3o"},"content":{"rendered":"\n\n\n\n<h2 data-start=\"213\" data-end=\"232\">Vis\u00e3o &amp; Miss\u00e3o<\/h2>\r\n<h3 data-start=\"234\" data-end=\"322\">Vis\u00e3o, Miss\u00e3o, Princ\u00edpios Orientadores, Estrat\u00e9gia e \u00c1reas da Reitoria (2022\u20132026)<\/h3>\r\n<h3 data-start=\"324\" data-end=\"339\"><strong data-start=\"328\" data-end=\"337\">Vis\u00e3o<\/strong><\/h3>\r\n<p data-start=\"340\" data-end=\"525\">Ser uma universidade de refer\u00eancia nacional e internacional, reconhecida pela qualidade do ensino e pela excel\u00eancia da investiga\u00e7\u00e3o, ao servi\u00e7o da sociedade timorense e da humanidade.<\/p>\r\n\r\n<h3 data-start=\"527\" data-end=\"543\"><strong data-start=\"531\" data-end=\"541\">Miss\u00e3o<\/strong><\/h3>\r\n<ul data-start=\"544\" data-end=\"1254\">\r\n \t<li data-start=\"544\" data-end=\"669\">\r\n<p data-start=\"546\" data-end=\"669\">Formar diplomados com compet\u00eancias alargadas nos dom\u00ednios da ci\u00eancia e tecnologia, ci\u00eancias sociais, artes e humanidades;<\/p>\r\n<\/li>\r\n \t<li data-start=\"670\" data-end=\"830\">\r\n<p data-start=\"672\" data-end=\"830\">Assegurar projetos curriculares integrados e o desenvolvimento de atividades que promovam a integra\u00e7\u00e3o dos estudantes no mercado de trabalho e na sociedade;<\/p>\r\n<\/li>\r\n \t<li data-start=\"831\" data-end=\"1043\">\r\n<p data-start=\"833\" data-end=\"1043\">Transmitir valores e princ\u00edpios fundamentais, atrav\u00e9s da an\u00e1lise cr\u00edtica e difus\u00e3o da cultura, para o desenvolvimento social e econ\u00f3mico de Timor-Leste, valorizando a justi\u00e7a social e a cidadania democr\u00e1tica;<\/p>\r\n<\/li>\r\n \t<li data-start=\"1044\" data-end=\"1254\">\r\n<p data-start=\"1046\" data-end=\"1254\">Promover a mobilidade dos estudantes, diplomados e docentes em contexto nacional e internacional, e em especial no espa\u00e7o da Comunidade dos Pa\u00edses de L\u00edngua Portuguesa (CPLP), da ASEAN e do Extremo Oriente.<\/p>\r\n<\/li>\r\n<\/ul>\r\n\r\n<hr data-start=\"1256\" data-end=\"1259\" \/>\r\n\r\n<h3 data-start=\"1261\" data-end=\"1294\"><strong data-start=\"1265\" data-end=\"1292\">Princ\u00edpios Orientadores<\/strong><\/h3>\r\n<ul data-start=\"1295\" data-end=\"1391\">\r\n \t<li data-start=\"1295\" data-end=\"1315\">\r\n<p data-start=\"1297\" data-end=\"1315\">Sustentabilidade<\/p>\r\n<\/li>\r\n \t<li data-start=\"1316\" data-end=\"1339\">\r\n<p data-start=\"1318\" data-end=\"1339\">Internacionaliza\u00e7\u00e3o<\/p>\r\n<\/li>\r\n \t<li data-start=\"1340\" data-end=\"1353\">\r\n<p data-start=\"1342\" data-end=\"1353\">Lideran\u00e7a<\/p>\r\n<\/li>\r\n \t<li data-start=\"1354\" data-end=\"1378\">\r\n<p data-start=\"1356\" data-end=\"1378\">Inova\u00e7\u00e3o e Qualidade<\/p>\r\n<\/li>\r\n \t<li data-start=\"1379\" data-end=\"1391\">\r\n<p data-start=\"1381\" data-end=\"1391\">Inclus\u00e3o<\/p>\r\n<\/li>\r\n<\/ul>\r\n\r\n<hr data-start=\"1393\" data-end=\"1396\" \/>\r\n\r\n<h3 data-start=\"1398\" data-end=\"1435\"><strong data-start=\"1402\" data-end=\"1433\">Eixos Estrat\u00e9gicos Centrais<\/strong><\/h3>\r\n<ul data-start=\"1436\" data-end=\"1665\">\r\n \t<li data-start=\"1436\" data-end=\"1468\">\r\n<p data-start=\"1438\" data-end=\"1468\">Investiga\u00e7\u00e3o e P\u00f3s-Gradua\u00e7\u00e3o<\/p>\r\n<\/li>\r\n \t<li data-start=\"1469\" data-end=\"1547\">\r\n<p data-start=\"1471\" data-end=\"1547\">Pessoas (Docentes, Investigadores, Funcion\u00e1rios n\u00e3o docentes e Estudantes)<\/p>\r\n<\/li>\r\n \t<li data-start=\"1548\" data-end=\"1583\">\r\n<p data-start=\"1550\" data-end=\"1583\">Ensino de Gradua\u00e7\u00e3o e Curr\u00edculo<\/p>\r\n<\/li>\r\n \t<li data-start=\"1584\" data-end=\"1596\">\r\n<p data-start=\"1586\" data-end=\"1596\">Extens\u00e3o<\/p>\r\n<\/li>\r\n \t<li data-start=\"1597\" data-end=\"1623\">\r\n<p data-start=\"1599\" data-end=\"1623\">Administra\u00e7\u00e3o e Gest\u00e3o<\/p>\r\n<\/li>\r\n \t<li data-start=\"1624\" data-end=\"1642\">\r\n<p data-start=\"1626\" data-end=\"1642\">Infraestrutura<\/p>\r\n<\/li>\r\n \t<li data-start=\"1643\" data-end=\"1665\">\r\n<p data-start=\"1645\" data-end=\"1665\">Cultura e Desporto<\/p>\r\n<\/li>\r\n<\/ul>\r\n\r\n<hr data-start=\"1667\" data-end=\"1670\" \/>\r\n\r\n<h3 data-start=\"1672\" data-end=\"1710\"><strong data-start=\"1676\" data-end=\"1708\">\u00c1reas para a Equipa Reitoral<\/strong><\/h3>\r\n<ul data-start=\"1711\" data-end=\"2072\">\r\n \t<li data-start=\"1711\" data-end=\"1795\">\r\n<p data-start=\"1713\" data-end=\"1795\">Vice-Reitor \u2013 \u00c1rea de Administra\u00e7\u00e3o de Recursos Humanos, Materiais e Financeiros<\/p>\r\n<\/li>\r\n \t<li data-start=\"1796\" data-end=\"1859\">\r\n<p data-start=\"1798\" data-end=\"1859\">Vice-Reitor \u2013 \u00c1rea de Estudantes, Assuntos Sociais e Alumni<\/p>\r\n<\/li>\r\n \t<li data-start=\"1860\" data-end=\"1929\">\r\n<p data-start=\"1862\" data-end=\"1929\">Vice-Reitor \u2013 \u00c1rea Pedag\u00f3gica e Curricular do Ensino de Gradua\u00e7\u00e3o<\/p>\r\n<\/li>\r\n \t<li data-start=\"1930\" data-end=\"2006\">\r\n<p data-start=\"1932\" data-end=\"2006\">Pr\u00f3-Reitor \u2013 \u00c1rea de Investiga\u00e7\u00e3o, P\u00f3s-Gradua\u00e7\u00e3o e Coopera\u00e7\u00e3o com a CPLP<\/p>\r\n<\/li>\r\n \t<li data-start=\"2007\" data-end=\"2072\">\r\n<p data-start=\"2009\" data-end=\"2072\">Pr\u00f3-Reitor \u2013 \u00c1rea de Coopera\u00e7\u00e3o com a ASEAN e Extremo Oriente<\/p>\r\n<\/li>\r\n<\/ul>\n\n\n\n","protected":false},"excerpt":{"rendered":"","protected":false},"author":9,"featured_media":1846,"parent":0,"menu_order":0,"comment_status":"closed","ping_status":"closed","template":"","meta":{"pagelayer_contact_templates":[],"_pagelayer_content":"","footnotes":""},"class_list":["post-759","page","type-page","status-publish","has-post-thumbnail","hentry"],"_links":{"self":[{"href":"https:\/\/undil.edu.tl\/novo\/wp-json\/wp\/v2\/pages\/759","targetHints":{"allow":["GET"]}}],"collection":[{"href":"https:\/\/undil.edu.tl\/novo\/wp-json\/wp\/v2\/pages"}],"about":[{"href":"https:\/\/undil.edu.tl\/novo\/wp-json\/wp\/v2\/types\/page"}],"author":[{"embeddable":true,"href":"https:\/\/undil.edu.tl\/novo\/wp-json\/wp\/v2\/users\/9"}],"replies":[{"embeddable":true,"href":"https:\/\/undil.edu.tl\/novo\/wp-json\/wp\/v2\/comments?post=759"}],"version-history":[{"count":3,"href":"https:\/\/undil.edu.tl\/novo\/wp-json\/wp\/v2\/pages\/759\/revisions"}],"predecessor-version":[{"id":1861,"href":"https:\/\/undil.edu.tl\/novo\/wp-json\/wp\/v2\/pages\/759\/revisions\/1861"}],"wp:featuredmedia":[{"embeddable":true,"href":"https:\/\/undil.edu.tl\/novo\/wp-json\/wp\/v2\/media\/1846"}],"wp:attachment":[{"href":"https:\/\/undil.edu.tl\/novo\/wp-json\/wp\/v2\/media?parent=759"}],"curies":[{"name":"wp","href":"https:\/\/api.w.org\/{rel}","templated":true}]}}