{"id":550,"date":"2025-12-31T01:09:41","date_gmt":"2025-12-30T16:09:41","guid":{"rendered":"https:\/\/undil.edu.tl\/novo\/?page_id=550"},"modified":"2025-12-31T01:12:37","modified_gmt":"2025-12-30T16:12:37","slug":"investigasaun","status":"publish","type":"page","link":"https:\/\/undil.edu.tl\/novo\/tet\/investigasaun\/","title":{"rendered":"Investigasaun"},"content":{"rendered":"<p data-start=\"2978\" data-end=\"3190\">UNDIL iha <strong data-start=\"2988\" data-end=\"3041\">Sentru Investigasaun no Formasaun Avansadu (CIFA)<\/strong>, ne\u2019eb\u00e9 kria tuir Despaxu N\u00ba 03\/Reitor-UNDIL\/IX\/2023, no mos iha <strong data-start=\"3107\" data-end=\"3148\">Sentru Peskeza no Servisu Komunit\u00e1riu<\/strong> (Artigu 30 Estatutu Org\u00e1niku UNDIL nian).<\/p>\n<p data-start=\"3192\" data-end=\"3390\"><strong data-start=\"3192\" data-end=\"3245\">Sentru Investigasaun no Formasaun Avansadu (CIFA)<\/strong> UNDIL nian mak unidade ida ba investigasaun sient\u00edfika no formasaun avansadu, ho autonomia iha jestaun sient\u00edfika, pedag\u00f3jika no administrat\u00edva.<\/p>\n<p data-start=\"3392\" data-end=\"3533\">Iha nivel nasional, CIFA hala\u2019o servisu iha armonia ho estrat\u00e9jia jer\u00e1l <strong data-start=\"3464\" data-end=\"3532\">Institutu Nasional Si\u00e9nsia no Teknolojia (INCT) Timor-Leste nian<\/strong>.<\/p>\n<p data-start=\"3535\" data-end=\"3870\">Iha nivel internasion\u00e1l, CIFA implementa pol\u00edtika investigasaun Universidade D\u00edli (UNDIL) nian, konsidera katak UNDIL asina ona <strong data-start=\"3663\" data-end=\"3725\">Deklarasaun S\u00e3o Francisco kona-ba Avaliasaun Investigasaun<\/strong>, <strong data-start=\"3727\" data-end=\"3775\">Deklarasaun Budapeste kona-ba Si\u00e9nsia Aberta<\/strong>, no mos mak signat\u00e1riu no membru husi <strong data-start=\"3814\" data-end=\"3869\">Coalition for Advancing Research Assessment (CoARA)<\/strong>.<\/p>\n<p data-start=\"3872\" data-end=\"4188\">Investigasaun sient\u00edfika no programa formasaun avansadu (mestradu, doutoramentu no p\u00f3s-doutoramentu) ne\u2019eb\u00e9 CIFA promove, dezenvolve, organiza no implementa, halo liu-liu ho envolvimentu akademiku no investigador sira husi <strong data-start=\"4095\" data-end=\"4143\">Komunidade Pa\u00eds Sira L\u00edngua Portug\u00e9sa (CPLP)<\/strong>, la exclui kolaborasaun internasion\u00e1l seluk.<\/p>\n<p data-start=\"4190\" data-end=\"4341\"><strong data-start=\"4190\" data-end=\"4243\">Sentru Investigasaun no Formasaun Avansadu (CIFA)<\/strong> mak \u00f3rgaun espesialmente responsavel ba edisaun <strong data-start=\"4292\" data-end=\"4340\">Revista Sient\u00edfika UNDIL \u2013 Universidade D\u00edli<\/strong>.<\/p>\n<p data-start=\"4343\" data-end=\"4495\"><strong data-start=\"4343\" data-end=\"4415\">Pr\u00f3-Reitor \u00c1rea Investigasaun, P\u00f3s-Graduasaun no Kooperasaun ho CPLP<\/strong>, Prof. Dout\u00f3r <strong data-start=\"4430\" data-end=\"4459\">Manuel Azancot de Menezes<\/strong>, mak superviziona no koordena CIFA.<\/p>\n<p data-start=\"4497\" data-end=\"4613\">Prof. Doutora <strong data-start=\"4511\" data-end=\"4526\">Cl\u00e1udia Vaz<\/strong> mak <strong data-start=\"4531\" data-end=\"4552\">Pontu Fokal UNDIL<\/strong> iha <strong data-start=\"4557\" data-end=\"4612\">Coalition for Advancing Research Assessment (CoARA)<\/strong>.<\/p>\n<p data-start=\"4615\" data-end=\"4722\">Regra sira kona-ba estruturasaun, organizasaun no funsionamentu CIFA nian defini iha nia Regulamentu rasik.<\/p>\n<p data-start=\"4724\" data-end=\"4854\">UNDIL mos iha <strong data-start=\"4738\" data-end=\"4779\">Sentru Peskeza no Servisu Komunit\u00e1riu<\/strong>, ne\u2019eb\u00e9 funsiona tuir pontu 3 husi Artigu 30 Estatutu Org\u00e1niku UNDIL nian.<\/p>\n<p data-start=\"4856\" data-end=\"5030\"><strong data-start=\"4856\" data-end=\"4897\">Sentru Peskeza no Servisu Komunit\u00e1riu<\/strong>, ne\u2019eb\u00e9 iha Diret\u00f3r ida, kompostu husi estrutura interligadu rua: <strong data-start=\"4964\" data-end=\"4982\">Sentru Peskeza<\/strong> no <strong data-start=\"4986\" data-end=\"5009\">Servisu Komunit\u00e1riu<\/strong> (pontu 3 Artigu 30).<\/p>\n<p data-start=\"5032\" data-end=\"5229\"><strong data-start=\"5032\" data-end=\"5050\">Sentru Peskeza<\/strong> organiza tuir <strong data-start=\"5065\" data-end=\"5088\">Grupu Investigasaun<\/strong> sira ne\u2019eb\u00e9 Dekanu Fakuldade sira prop\u00f5e no Pr\u00f3-Reitor \u00c1rea P\u00f3s-Graduasaun, Investigasaun no Kooperasaun ho CPLP aprova (pontu 4 Artigu 30).<\/p>\n<p data-start=\"5231\" data-end=\"5372\"><strong data-start=\"5231\" data-end=\"5254\">Servisu Komunit\u00e1riu<\/strong> funsiona tuir l\u00f3zika <strong data-start=\"5276\" data-end=\"5312\">Projetu Intervensaun Komunit\u00e1ria<\/strong> no iha ligasaun ho Fakuldade hotu-hotu (pontu 5 Artigu 30).<\/p>\n<p data-start=\"5374\" data-end=\"5504\">Diret\u00f3r <strong data-start=\"5382\" data-end=\"5423\">Sentru Peskeza no Servisu Komunit\u00e1riu<\/strong> mak <strong data-start=\"5428\" data-end=\"5464\">Dout\u00f3r Dion\u00edzio G. M. Fraga, PhD<\/strong>, dosente Fakuldade Ekonomia UNDIL nian.<\/p>\n","protected":false},"excerpt":{"rendered":"<p>UNDIL iha Sentru Investigasaun no Formasaun Avansadu (CIFA), ne\u2019eb\u00e9 kria tuir Despaxu N\u00ba 03\/Reitor-UNDIL\/IX\/2023, no [&hellip;]<\/p>\n","protected":false},"author":1,"featured_media":356,"parent":0,"menu_order":0,"comment_status":"closed","ping_status":"closed","template":"","meta":{"pagelayer_contact_templates":[],"_pagelayer_content":"","footnotes":""},"class_list":["post-550","page","type-page","status-publish","has-post-thumbnail","hentry"],"_links":{"self":[{"href":"https:\/\/undil.edu.tl\/novo\/wp-json\/wp\/v2\/pages\/550","targetHints":{"allow":["GET"]}}],"collection":[{"href":"https:\/\/undil.edu.tl\/novo\/wp-json\/wp\/v2\/pages"}],"about":[{"href":"https:\/\/undil.edu.tl\/novo\/wp-json\/wp\/v2\/types\/page"}],"author":[{"embeddable":true,"href":"https:\/\/undil.edu.tl\/novo\/wp-json\/wp\/v2\/users\/1"}],"replies":[{"embeddable":true,"href":"https:\/\/undil.edu.tl\/novo\/wp-json\/wp\/v2\/comments?post=550"}],"version-history":[{"count":3,"href":"https:\/\/undil.edu.tl\/novo\/wp-json\/wp\/v2\/pages\/550\/revisions"}],"predecessor-version":[{"id":557,"href":"https:\/\/undil.edu.tl\/novo\/wp-json\/wp\/v2\/pages\/550\/revisions\/557"}],"wp:featuredmedia":[{"embeddable":true,"href":"https:\/\/undil.edu.tl\/novo\/wp-json\/wp\/v2\/media\/356"}],"wp:attachment":[{"href":"https:\/\/undil.edu.tl\/novo\/wp-json\/wp\/v2\/media?parent=550"}],"curies":[{"name":"wp","href":"https:\/\/api.w.org\/{rel}","templated":true}]}}