{"id":541,"date":"2025-12-31T01:04:55","date_gmt":"2025-12-30T16:04:55","guid":{"rendered":"https:\/\/undil.edu.tl\/novo\/?page_id=541"},"modified":"2025-12-31T01:06:03","modified_gmt":"2025-12-30T16:06:03","slug":"investigacao","status":"publish","type":"page","link":"https:\/\/undil.edu.tl\/novo\/investigacao\/","title":{"rendered":"Investiga\u00e7\u00e3o"},"content":{"rendered":"<p>A UNDIL tem um\u00a0<strong><u>Centro de Investiga\u00e7\u00e3o e Forma\u00e7\u00e3o Avan\u00e7ada (CIFA)<\/u><\/strong>, criado nos termos do Despacho N\u00ba 03\/Reitor-UNDIL\/IX\/2023, e um\u00a0<strong><u>Centro de Pesquisa e Servi\u00e7os Comunit\u00e1rios<\/u><\/strong>\u00a0(Artigo 30\u00ba do Estatuto Org\u00e2nico da UNDIL).<\/p>\n<p>O\u00a0<u>Centro de Investiga\u00e7\u00e3o e Forma\u00e7\u00e3o Avan\u00e7ada (CIFA)<\/u>\u00a0da UNDIL \u00e9 uma unidade de investiga\u00e7\u00e3o cient\u00edfica e forma\u00e7\u00e3o avan\u00e7ada, com autonomia de gest\u00e3o cient\u00edfica, pedag\u00f3gica e administrativa.<\/p>\n<p>Em termos nacionais funciona em harmonia com a estrat\u00e9gia geral do Instituto Nacional de Ci\u00eancia e Tecnologia (INCT) de Timor-Leste.<\/p>\n<p>No \u00e2mbito internacional, o CIFA implementa as pol\u00edticas de investiga\u00e7\u00e3o da Universidade de D\u00edli (UNDIL) tendo em considera\u00e7\u00e3o que esta universidade assinou a Declara\u00e7\u00e3o de S\u00e3o Francisco sobre Avalia\u00e7\u00e3o da Investiga\u00e7\u00e3o, a Declara\u00e7\u00e3o de Budapeste sobre Ci\u00eancia Aberta e \u00e9 igualmente signat\u00e1rio e membro da Coalition for Advancing Research Assessment (CoARA).<\/p>\n<p>A investiga\u00e7\u00e3o cient\u00edfica e os programas de forma\u00e7\u00e3o avan\u00e7ada (mestrados, doutoramentos e p\u00f3s-doutoramentos) do CIFA s\u00e3o promovidos, concebidos, organizados e executados, preferencialmente, com o envolvimento de acad\u00e9micos e investigadores da Comunidade dos Pa\u00edses de L\u00edngua Portuguesa (CPLP), sem preju\u00edzo de haver outras colabora\u00e7\u00f5es internacionais.<\/p>\n<p>O Centro de Investiga\u00e7\u00e3o e Forma\u00e7\u00e3o Avan\u00e7ada (CIFA) \u00e9 o \u00f3rg\u00e3o especialmente respons\u00e1vel pela edi\u00e7\u00e3o da Revista Cient\u00edfica da UNDIL &#8211; Universidade de D\u00edli.<\/p>\n<p>O Pr\u00f3-Reitor da \u00c1rea de Investiga\u00e7\u00e3o, P\u00f3s-Gradua\u00e7\u00e3o e Coopera\u00e7\u00e3o com a CPLP, Prof. Doutor Manuel Azancot de Menezes, supervisiona e coordena o CIFA.<\/p>\n<p>A Prof. Doutora Cl\u00e1udia Vaz \u00e9 o Ponto Focal da UNDIL na Coalition for Advancing Research Assessment (CoARA).<\/p>\n<p>As regras para a estrutura\u00e7\u00e3o, organiza\u00e7\u00e3o e funcionamento do CIFA est\u00e3o definidas no seu Regulamento.<\/p>\n<p>E tem o\u00a0<strong><u>Centro de Pesquisa e Servi\u00e7os Comunit\u00e1rios<\/u><\/strong>\u00a0que funciona nos termos do ponto 3 do artigo 30\u00ba do Estatuto Org\u00e2nico da UNDIL.<\/p>\n<p>O Centro de Pesquisa e Servi\u00e7os Comunit\u00e1rios, dirigido por um Director, comporta duas estruturas interligadas: o Centro de Pesquisa e os Servi\u00e7os Comunit\u00e1rios (ponto 3 do artigo 30\u00ba);<\/p>\n<p>O Centro de Pesquisa est\u00e1 organizado por Grupos de Investiga\u00e7\u00e3o propostos pelos Decanos das Faculdades e aprovados pelo Pr\u00f3-Reitor da \u00c1rea de P\u00f3s-Gradua\u00e7\u00e3o, Investiga\u00e7\u00e3o e Coopera\u00e7\u00e3o com a CPLP (ponto 4 do artigo 30\u00ba);<\/p>\n<p>Os Servi\u00e7os Comunit\u00e1rios funcionam numa l\u00f3gica de Projectos de Interven\u00e7\u00e3o Comunit\u00e1ria e em articula\u00e7\u00e3o com cada uma das Faculdades (ponto 5 do artigo 30\u00ba).<\/p>\n<p>O Director do Centro de Pesquisa e Servi\u00e7os Comunit\u00e1rios \u00e9 o Doutor Dion\u00edzio G.M. Fraga, PhD, docente da Faculdade de Economia da UNDIL.<\/p>\n","protected":false},"excerpt":{"rendered":"<p>A UNDIL tem um\u00a0Centro de Investiga\u00e7\u00e3o e Forma\u00e7\u00e3o Avan\u00e7ada (CIFA), criado nos termos do Despacho [&hellip;]<\/p>\n","protected":false},"author":1,"featured_media":356,"parent":0,"menu_order":0,"comment_status":"closed","ping_status":"closed","template":"","meta":{"pagelayer_contact_templates":[],"_pagelayer_content":"","footnotes":""},"class_list":["post-541","page","type-page","status-publish","has-post-thumbnail","hentry"],"_links":{"self":[{"href":"https:\/\/undil.edu.tl\/novo\/wp-json\/wp\/v2\/pages\/541","targetHints":{"allow":["GET"]}}],"collection":[{"href":"https:\/\/undil.edu.tl\/novo\/wp-json\/wp\/v2\/pages"}],"about":[{"href":"https:\/\/undil.edu.tl\/novo\/wp-json\/wp\/v2\/types\/page"}],"author":[{"embeddable":true,"href":"https:\/\/undil.edu.tl\/novo\/wp-json\/wp\/v2\/users\/1"}],"replies":[{"embeddable":true,"href":"https:\/\/undil.edu.tl\/novo\/wp-json\/wp\/v2\/comments?post=541"}],"version-history":[{"count":2,"href":"https:\/\/undil.edu.tl\/novo\/wp-json\/wp\/v2\/pages\/541\/revisions"}],"predecessor-version":[{"id":545,"href":"https:\/\/undil.edu.tl\/novo\/wp-json\/wp\/v2\/pages\/541\/revisions\/545"}],"wp:featuredmedia":[{"embeddable":true,"href":"https:\/\/undil.edu.tl\/novo\/wp-json\/wp\/v2\/media\/356"}],"wp:attachment":[{"href":"https:\/\/undil.edu.tl\/novo\/wp-json\/wp\/v2\/media?parent=541"}],"curies":[{"name":"wp","href":"https:\/\/api.w.org\/{rel}","templated":true}]}}