{"id":1431,"date":"2026-01-24T00:38:18","date_gmt":"2026-01-23T15:38:18","guid":{"rendered":"https:\/\/undil.edu.tl\/novo\/?page_id=1431"},"modified":"2026-04-11T16:39:06","modified_gmt":"2026-04-11T07:39:06","slug":"paginainicial","status":"publish","type":"page","link":"https:\/\/undil.edu.tl\/novo\/paginainicial\/","title":{"rendered":"P\u00e1gina Inicial"},"content":{"rendered":"\n\n\n<br>\n\n\n<br>\n\n\n<br>\n\n\n&nbsp;\n\n\n&nbsp;\n\n\n\n\n<h2>ABERTAS INSCRI\u00c7\u00d5ES NA UNDIL PARA 2026 !!<\/h2>\n\n\n\n\n\nNot\u00edcias Recentes\n\n\n\n\n\nCoopera\u00e7\u00f5es Internacionais | CPLP &amp; ASEAN\n<h2>A UNDIL mant\u00e9m parcerias estrat\u00e9gicas com institui\u00e7\u00f5es da Comunidade dos Pa\u00edses de L\u00edngua Portuguesa (CPLP) e da Associa\u00e7\u00e3o das Na\u00e7\u00f5es do Sudeste Asi\u00e1tico (ASEAN), promovendo a coopera\u00e7\u00e3o acad\u00e9mica, cient\u00edfica e a mobilidade institucional.<\/h2>\n<h2>Parcerias CPLP <\/h2>\n\n\n<h2><span style=\"font-weight: normal;\">FORGES<\/span><\/h2>\n\n<h4><p data-start=\"163\" data-end=\"415\">A coopera\u00e7\u00e3o entre a UNDIL e o FORGES fortalece a governa\u00e7\u00e3o e a gest\u00e3o do ensino superior no espa\u00e7o da lusofonia, promovendo a partilha de boas pr\u00e1ticas, a forma\u00e7\u00e3o acad\u00e9mica e a coopera\u00e7\u00e3o cient\u00edfica entre institui\u00e7\u00f5es de pa\u00edses de l\u00edngua portuguesa.<\/p><\/h4><h2><p data-id=\"yftf0\" id=\"yftf0\" data-options=\"{&quot;color&quot;:&quot;#FFFFFF&quot;}\" class=\"layout-item\"><\/p><p data-start=\"163\" data-end=\"415\"><br><\/p><p><\/p><\/h2>\n\n\n<h2>Universidade Aberta<\/h2>\n\n<h4>A parceria entre a UNDIL e a Universidade Aberta visa o refor\u00e7o da forma\u00e7\u00e3o acad\u00e9mica e pedag\u00f3gica, com especial enfoque no ensino a dist\u00e2ncia, na capacita\u00e7\u00e3o de docentes e no desenvolvimento de programas conjuntos de gradua\u00e7\u00e3o e p\u00f3s-gradua\u00e7\u00e3o.<\/h4><h2><p data-id=\"yftf0\" id=\"yftf0\" data-options=\"{&quot;color&quot;:&quot;#FFFFFF&quot;}\" class=\"layout-item\"><\/p><p data-font-size=\"default\" class=\"paragraph\"><br><\/p><p><\/p><\/h2>\n\n\n<h2>RACS<\/h2>\n\n<h4>A coopera\u00e7\u00e3o entre a UNDIL e a RACS centra-se na promo\u00e7\u00e3o da investiga\u00e7\u00e3o cient\u00edfica, no interc\u00e2mbio acad\u00e9mico e na divulga\u00e7\u00e3o do conhecimento, contribuindo para o fortalecimento da produ\u00e7\u00e3o cient\u00edfica e da coopera\u00e7\u00e3o institucional no espa\u00e7o acad\u00e9mico internacional<\/h4><h2><p data-id=\"yftf0\" id=\"yftf0\" data-options=\"{&quot;color&quot;:&quot;#FFFFFF&quot;}\" class=\"layout-item\"><\/p><p data-font-size=\"default\" class=\"paragraph\"><br><\/p><p><\/p><\/h2>\n\n\n<h2>Parcerias ASEAN<\/h2>\n<h2>(BREVEMENTE..)<\/h2>\n\n\n\n\nInvestiga\u00e7\u00e3o\n<h2>CIFA | Centro de Investiga\u00e7\u00e3o e Forma\u00e7\u00e3o Avan\u00e7ada<\/h2>\n<h2>A UNDIL tem um <strong>Centro de Investiga\u00e7\u00e3o e Forma\u00e7\u00e3o Avan\u00e7ada<\/strong> (CIFA), criado nos termos do Despacho N 03\/Reitor-UNDIL\/IX\/2023, e um Cnetro de Pesquisa e Servi\u00e7os Comunit\u00e1rios (Artigo 30 do Estatuto Org\u00e2nico da UNDIL).<\/h2>\n<p>O CIFA \u00e9 uma unidade de investig\u00e7\u00e3o cient\u00edfica e froma\u00e7\u00e3o avan\u00e7ada, com autonomia de gest\u00e3o cient\u00edfica, pedag\u00f3gica e administrativa<span style=\"background-color: rgba(130, 36, 227, 0);\">Em termos nacionais funciona em harmonia com a estrat\u00e9gia geral do Instituto Nacional de Ci\u00eancias da Tecnologia (INCT) de Timor-Leste.<\/span><\/p>\n<p>No \u00e2mbito internaciomal, o CIFA implementa as pol\u00edticas de investiga\u00e7\u00e3o da Universidade de D\u00edli (UNDIL) tendo em considera\u00e7\u00e3o que esta universidade asssiniu a Declara\u00e7\u00e3o de S\u00e3o Francisco sobre Avali\u00e7\u00e3o da Investiga\u00e7\u00e3o, a Declara\u00e7\u00e3o de Budapeste sobre Ci\u00eancia Aberts e \u00e9 igualmente signat\u00e1rio e membro da Coalition for Advacing Research Assessment (COARA).<\/p>\n\n\n\n\nGaleria de Fotos da Universidade de D\u00edli\n\n\n\n\n\n\n\n\n\n<u>Faculdade de Educa\u00e7\u00e3o<\/u>\n<u>Faculdade de Ci\u00eancias da Sa\u00fade<\/u>\n<u>Faculdade de Direito<\/u>\n<u>Faculdade de Ci\u00eancias Pol\u00edticas<\/u>\n<u>Faculdade de Economia&nbsp;<\/u>\n<u>Portal Acad\u00e9mico<\/u>\n\n\n\n\n\n<h2>Visite-nos<\/h2>\n<p class=\"paragraph\"><strong>Morada:<\/strong><br>Av. Presidente Xavier do Amaral<br>Mascarenhas, D\u00edli<br>Timor-Leste<\/p>\n<p class=\"paragraph\"><strong>Telefone:<\/strong><br><span hex=\"#FFFFFF\" class=\"textColor\" style=\"--text-color: #FFFFFF;\"><a rel=\"noopener noreferrer\" class=\"link\" href=\"tel:(+670) 77468775\" style=\"text-decoration-line: underline;\">(+670<\/a><a rel=\"noopener noreferrer\" class=\"link\" href=\"tel:(+670) 77468775\" style=\"\">) <u>77468775<\/u><\/a> \/ <a rel=\"noopener noreferrer\" class=\"link\" href=\"tel:77328543 \/ 75685440\" style=\"\"><u>77328543<\/u> \/ <u>75685440<\/u><\/a><\/span><\/p>\n<p class=\"paragraph\"><strong>Email:<\/strong><u><br><span hex=\"#FFFFFF\" class=\"textColor\" style=\"--text-color: #FFFFFF\"><a rel=\"noopener noreferrer\" class=\"link\" href=\"mailto:info@undil.edu.tl\">info@undil.edu.tl<\/a><\/span><\/u><\/p>\n<a href=\"http:\/\/www.undil.edu.tl\" class=\"pagelayer-link-sel\"><\/a><p class=\"paragraph\"><a href=\"http:\/\/www.undil.edu.tl\" class=\"pagelayer-link-sel\"><u><span hex=\"#FFFFFF\" class=\"textColor\" style=\"--text-color: #FFFFFF\"><\/span><\/u><\/a><u><a rel=\"noopener noreferrer\" class=\"link\" href=\"mailto:info@undil.edu.tl\"><\/a><\/u><\/p><p class=\"paragraph\"><u><\/u><\/p><p class=\"paragraph\"><strong>Website:<\/strong><u><br><span hex=\"#FFFFFF\" class=\"textColor\" style=\"--text-color: #FFFFFF\"><a rel=\"noopener noreferrer\" class=\"link\" href=\"http:\/\/www.undil.edu.tl\">www.undil.edu.tl<\/a><\/span><\/u><\/p>\n\n\n\n\n\n\n\n\n\n\n\n\n","protected":false},"excerpt":{"rendered":"","protected":false},"author":9,"featured_media":1846,"parent":0,"menu_order":0,"comment_status":"closed","ping_status":"closed","template":"","meta":{"pagelayer_contact_templates":[],"_pagelayer_content":"","footnotes":""},"class_list":["post-1431","page","type-page","status-publish","has-post-thumbnail","hentry"],"_links":{"self":[{"href":"https:\/\/undil.edu.tl\/novo\/wp-json\/wp\/v2\/pages\/1431","targetHints":{"allow":["GET"]}}],"collection":[{"href":"https:\/\/undil.edu.tl\/novo\/wp-json\/wp\/v2\/pages"}],"about":[{"href":"https:\/\/undil.edu.tl\/novo\/wp-json\/wp\/v2\/types\/page"}],"author":[{"embeddable":true,"href":"https:\/\/undil.edu.tl\/novo\/wp-json\/wp\/v2\/users\/9"}],"replies":[{"embeddable":true,"href":"https:\/\/undil.edu.tl\/novo\/wp-json\/wp\/v2\/comments?post=1431"}],"version-history":[{"count":120,"href":"https:\/\/undil.edu.tl\/novo\/wp-json\/wp\/v2\/pages\/1431\/revisions"}],"predecessor-version":[{"id":2183,"href":"https:\/\/undil.edu.tl\/novo\/wp-json\/wp\/v2\/pages\/1431\/revisions\/2183"}],"wp:featuredmedia":[{"embeddable":true,"href":"https:\/\/undil.edu.tl\/novo\/wp-json\/wp\/v2\/media\/1846"}],"wp:attachment":[{"href":"https:\/\/undil.edu.tl\/novo\/wp-json\/wp\/v2\/media?parent=1431"}],"curies":[{"name":"wp","href":"https:\/\/api.w.org\/{rel}","templated":true}]}}